{"id":503,"date":"2020-03-17T12:16:12","date_gmt":"2020-03-17T15:16:12","guid":{"rendered":"http:\/\/env-6360973.phl.togglebox.site\/tire-safety\/"},"modified":"2020-07-03T04:33:23","modified_gmt":"2020-07-03T08:33:23","slug":"tire-safety","status":"publish","type":"page","link":"https:\/\/treadreader.com\/fr\/tire-safety\/","title":{"rendered":"S\u00e9curit\u00e9 des pneumatiques"},"content":{"rendered":"\n<h2 class=\"wp-block-heading\">CONDUIRE EN TOUTE S\u00c9CURIT\u00c9<\/h2>\n\n\n\n<p>Un accident de la circulation sur quatre survient \u00e0 cause de pneus ill\u00e9gaux, la bande de roulement des pneus joue un r\u00f4le crucial sur les performances d&rsquo;adh\u00e9rence lors de la conduite.<\/p>\n<p>Avec des pneus ayant moins de 3,5 mm de profondeur de bande de roulement, la distance d&rsquo;arr\u00eat moyenne est affect\u00e9e et augmente rapidement. <br> Au minimum l\u00e9gal de 1,6 mm, la distance d&rsquo;arr\u00eat peut augmenter de 65%. <br> La faible profondeur de sculpture sur les pneus augmente \u00e9galement consid\u00e9rablement le risque d&rsquo;aquaplaning. En effet, sur des pneus dont la profondeur de sculpture est inf\u00e9rieure \u00e0 la bande de roulement minimale, la vitesse \u00e0 laquelle l&rsquo;aquaplaning peut d\u00e9marrer est r\u00e9duite de 40%.<\/p>\n\n\n\n<figure class=\"wp-block-video\"><video controls controlsList=\"nodownload\" muted src=\"http:\/\/webapp178814.ip-23-239-30-250.cloudezapp.io\/wp-content\/uploads\/2020\/05\/Tread-Reader-Braking.mp4\"><\/video><\/figure>\n","protected":false},"excerpt":{"rendered":"<p>CONDUIRE EN TOUTE S\u00c9CURIT\u00c9 Un accident de la circulation sur quatre survient \u00e0 cause de pneus ill\u00e9gaux, la bande de [&hellip;]<\/p>\n","protected":false},"author":1,"featured_media":496,"parent":0,"menu_order":0,"comment_status":"closed","ping_status":"closed","template":"page-tire-safety.php","meta":{"footnotes":""},"_links":{"self":[{"href":"https:\/\/treadreader.com\/fr\/wp-json\/wp\/v2\/pages\/503"}],"collection":[{"href":"https:\/\/treadreader.com\/fr\/wp-json\/wp\/v2\/pages"}],"about":[{"href":"https:\/\/treadreader.com\/fr\/wp-json\/wp\/v2\/types\/page"}],"author":[{"embeddable":true,"href":"https:\/\/treadreader.com\/fr\/wp-json\/wp\/v2\/users\/1"}],"replies":[{"embeddable":true,"href":"https:\/\/treadreader.com\/fr\/wp-json\/wp\/v2\/comments?post=503"}],"version-history":[{"count":11,"href":"https:\/\/treadreader.com\/fr\/wp-json\/wp\/v2\/pages\/503\/revisions"}],"predecessor-version":[{"id":1250,"href":"https:\/\/treadreader.com\/fr\/wp-json\/wp\/v2\/pages\/503\/revisions\/1250"}],"wp:featuredmedia":[{"embeddable":true,"href":"https:\/\/treadreader.com\/fr\/wp-json\/wp\/v2\/media\/496"}],"wp:attachment":[{"href":"https:\/\/treadreader.com\/fr\/wp-json\/wp\/v2\/media?parent=503"}],"curies":[{"name":"wp","href":"https:\/\/api.w.org\/{rel}","templated":true}]}}