{"id":510,"date":"2020-03-23T14:42:23","date_gmt":"2020-03-23T17:42:23","guid":{"rendered":"http:\/\/env-6360973.phl.togglebox.site\/contact\/"},"modified":"2020-07-01T10:08:40","modified_gmt":"2020-07-01T14:08:40","slug":"contact","status":"publish","type":"page","link":"https:\/\/treadreader.com\/fr\/contact\/","title":{"rendered":"Nous Contacter"},"content":{"rendered":"\n\n<div class=\"wpcf7 no-js\" id=\"wpcf7-f516-o1\" lang=\"en-US\" dir=\"ltr\">\n<div class=\"screen-reader-response\"><p role=\"status\" aria-live=\"polite\" aria-atomic=\"true\"><\/p> <ul><\/ul><\/div>\n<form action=\"\/fr\/wp-json\/wp\/v2\/pages\/510#wpcf7-f516-o1\" method=\"post\" class=\"wpcf7-form init\" aria-label=\"Contact form\" novalidate=\"novalidate\" data-status=\"init\">\n<div style=\"display: none;\">\n<input type=\"hidden\" name=\"_wpcf7\" value=\"516\" \/>\n<input type=\"hidden\" name=\"_wpcf7_version\" value=\"5.8.3\" \/>\n<input type=\"hidden\" name=\"_wpcf7_locale\" value=\"en_US\" \/>\n<input type=\"hidden\" name=\"_wpcf7_unit_tag\" value=\"wpcf7-f516-o1\" \/>\n<input type=\"hidden\" name=\"_wpcf7_container_post\" value=\"0\" \/>\n<input type=\"hidden\" name=\"_wpcf7_posted_data_hash\" value=\"\" \/>\n<input type=\"hidden\" name=\"_wpcf7_recaptcha_response\" value=\"\" \/>\n<\/div>\n<div class=\"row\">\n\t<div class=\"col-md-12\">\n\t\t<h3>Informations sur la soci\u00e9t\u00e9\n\t\t<\/h3>\n\t<\/div>\n\t<div class=\"col-md-6\">\n\t\t<p><span class=\"wpcf7-form-control-wrap\" data-name=\"Company\"><input size=\"40\" class=\"wpcf7-form-control wpcf7-text\" aria-invalid=\"false\" placeholder=\"Soci\u00e9t\u00e9\" value=\"\" type=\"text\" name=\"Company\" \/><\/span>\n\t\t<\/p>\n\t<\/div>\n\t<div class=\"col-md-6\">\n\t\t<p><span class=\"wpcf7-form-control-wrap\" data-name=\"Shops\"><input class=\"wpcf7-form-control wpcf7-number wpcf7-validates-as-number\" aria-invalid=\"false\" placeholder=\"Nombre de points de vente\" value=\"\" type=\"number\" name=\"Shops\" \/><\/span>\n\t\t<\/p>\n\t<\/div>\n\t<div class=\"col-md-12\">\n\t\t<p><span class=\"wpcf7-form-control-wrap\" data-name=\"Vehicle\"><input size=\"40\" class=\"wpcf7-form-control wpcf7-text\" aria-invalid=\"false\" placeholder=\"Marques des v\u00e9hicules principalement r\u00e9par\u00e9s\" value=\"\" type=\"text\" name=\"Vehicle\" \/><\/span>\n\t\t<\/p>\n\t<\/div>\n\t<div class=\"col-md-12\">\n\t\t<h3>Produit qui vous int\u00e9resse:\n\t\t<\/h3>\n\t\t<p><span class=\"wpcf7-form-control-wrap\" data-name=\"ProductInteresedIn\"><span class=\"wpcf7-form-control wpcf7-checkbox\"><span class=\"wpcf7-list-item first\"><label><input type=\"checkbox\" name=\"ProductInteresedIn[]\" value=\"Conduire sur\" \/><span class=\"wpcf7-list-item-label\">Conduire sur<\/span><\/label><\/span><span class=\"wpcf7-list-item last\"><label><input type=\"checkbox\" name=\"ProductInteresedIn[]\" value=\"Voiture \u00e0 main\" \/><span class=\"wpcf7-list-item-label\">Voiture \u00e0 main<\/span><\/label><\/span><\/span><\/span>\n\t\t<\/p>\n\t<\/div>\n\t<div class=\"col-md-12\">\n\t\t<h3>Informations personnelles\n\t\t<\/h3>\n\t<\/div>\n\t<div class=\"col-md-6\">\n\t\t<p><span class=\"wpcf7-form-control-wrap\" data-name=\"your-name\"><input size=\"40\" class=\"wpcf7-form-control wpcf7-text wpcf7-validates-as-required\" aria-required=\"true\" aria-invalid=\"false\" placeholder=\"Pr\u00e9nom\" value=\"\" type=\"text\" name=\"your-name\" \/><\/span>\n\t\t<\/p>\n\t<\/div>\n\t<div class=\"col-md-6\">\n\t\t<p><span class=\"wpcf7-form-control-wrap\" data-name=\"your-last-name\"><input size=\"40\" class=\"wpcf7-form-control wpcf7-text wpcf7-validates-as-required\" aria-required=\"true\" aria-invalid=\"false\" placeholder=\"Nom\" value=\"\" type=\"text\" name=\"your-last-name\" \/><\/span>\n\t\t<\/p>\n\t<\/div>\n\t<div class=\"col-md-6\">\n\t\t<p><span class=\"wpcf7-form-control-wrap\" data-name=\"Email\"><input size=\"40\" class=\"wpcf7-form-control wpcf7-text wpcf7-validates-as-required\" aria-required=\"true\" aria-invalid=\"false\" placeholder=\"Email\" value=\"\" type=\"text\" name=\"Email\" \/><\/span>\n\t\t<\/p>\n\t<\/div>\n\t<div class=\"col-md-6\">\n\t\t<p><span class=\"wpcf7-form-control-wrap\" data-name=\"Phone\"><input size=\"40\" class=\"wpcf7-form-control wpcf7-text wpcf7-validates-as-required\" aria-required=\"true\" aria-invalid=\"false\" placeholder=\"T\u00e9l\u00e9phone\" value=\"\" type=\"text\" name=\"Phone\" \/><\/span>\n\t\t<\/p>\n\t<\/div>\n\t<div class=\"col-md-6\">\n\t\t<p><span class=\"wpcf7-form-control-wrap\" data-name=\"State\"><input size=\"40\" class=\"wpcf7-form-control wpcf7-text wpcf7-validates-as-required\" aria-required=\"true\" aria-invalid=\"false\" placeholder=\"Ville\/\u00c9tat\" value=\"\" type=\"text\" name=\"State\" \/><\/span>\n\t\t<\/p>\n\t<\/div>\n\t<div class=\"col-md-6\">\n\t\t<p><span class=\"wpcf7-form-control-wrap\" data-name=\"country_email\"><select class=\"wpcf7-form-control wpcf7-select\" aria-invalid=\"false\" name=\"country_email\"><option value=\"Pays\">Pays<\/option><option value=\"Afganistan\">Afganistan<\/option><option value=\"Afrique du Sud\">Afrique du Sud<\/option><option value=\"Albanie\">Albanie<\/option><option value=\"Alg\u00e9rie\">Alg\u00e9rie<\/option><option value=\"Allemagne\">Allemagne<\/option><option value=\"Andorre\">Andorre<\/option><option value=\"Angola\">Angola<\/option><option value=\"Anguilla\">Anguilla<\/option><option value=\"Antigua-et-Barbuda\">Antigua-et-Barbuda<\/option><option value=\"Arabie saoudite\">Arabie saoudite<\/option><option value=\"Argentine\">Argentine<\/option><option value=\"Arm\u00e9nie\">Arm\u00e9nie<\/option><option value=\"Aruba\">Aruba<\/option><option value=\"Australie\">Australie<\/option><option value=\"Autriche\">Autriche<\/option><option value=\"Azerba\u00efdjan\">Azerba\u00efdjan<\/option><option value=\"Bahamas\">Bahamas<\/option><option value=\"Bahre\u00efn\">Bahre\u00efn<\/option><option value=\"Bangladesh\">Bangladesh<\/option><option value=\"Barbade\">Barbade<\/option><option value=\"Belgique\">Belgique<\/option><option value=\"Belize\">Belize<\/option><option value=\"Bermuda\">Bermuda<\/option><option value=\"Bhoutan\">Bhoutan<\/option><option value=\"Birmanie\">Birmanie<\/option><option value=\"Bi\u00e9lorussie\">Bi\u00e9lorussie<\/option><option value=\"Bolivie\">Bolivie<\/option><option value=\"Bonaire, Saint Eustatius and Saba\">Bonaire, Saint Eustatius and Saba<\/option><option value=\"Bosnia\">Bosnia<\/option><option value=\"Botswana\">Botswana<\/option><option value=\"British Virgin Islands\">British Virgin Islands<\/option><option value=\"Brunei Darussalam\">Brunei Darussalam<\/option><option value=\"Br\u00e9sil\">Br\u00e9sil<\/option><option value=\"Bulgarie\">Bulgarie<\/option><option value=\"Burkina Faso\">Burkina Faso<\/option><option value=\"B\u00e9nin\">B\u00e9nin<\/option><option value=\"Cambodge\">Cambodge<\/option><option value=\"Cameroun\">Cameroun<\/option><option value=\"Canada\">Canada<\/option><option value=\"Cap-Vert\">Cap-Vert<\/option><option value=\"Cayman Islands\">Cayman Islands<\/option><option value=\"Chili\">Chili<\/option><option value=\"Chine\">Chine<\/option><option value=\"Chypre\">Chypre<\/option><option value=\"Colombie\">Colombie<\/option><option value=\"Congo, Democratic Republic of the\">Congo, Democratic Republic of the<\/option><option value=\"Costa Rica\">Costa Rica<\/option><option value=\"Cote d&#039;Ivoire (Ivory Coast)\">Cote d&#039;Ivoire (Ivory Coast)<\/option><option value=\"Croatie\">Croatie<\/option><option value=\"Cura\u00e7ao\">Cura\u00e7ao<\/option><option value=\"Danemark\">Danemark<\/option><option value=\"Djibouti\">Djibouti<\/option><option value=\"Dominique n Republic\">Dominique n Republic<\/option><option value=\"Dominique\">Dominique<\/option><option value=\"Espagne\">Espagne<\/option><option value=\"Estonie\">Estonie<\/option><option value=\"\u00c9gypte\">\u00c9gypte<\/option><option value=\"\u00c9mirats arabes unis\">\u00c9mirats arabes unis<\/option><option value=\"\u00c9quateur\">\u00c9quateur<\/option><option value=\"\u00c9rythr\u00e9e\">\u00c9rythr\u00e9e<\/option><option value=\"\u00c9thiopie\">\u00c9thiopie<\/option><option value=\"Falkland Islands (Malvinas)\">Falkland Islands (Malvinas)<\/option><option value=\"Finlande\">Finlande<\/option><option value=\"France\">France<\/option><option value=\"French Guiana\">French Guiana<\/option><option value=\"Gabon\">Gabon<\/option><option value=\"Gambie\">Gambie<\/option><option value=\"Ghana\">Ghana<\/option><option value=\"Gibraltar\">Gibraltar<\/option><option value=\"Greenland (Danemark )\">Greenland (Danemark )<\/option><option value=\"Grenade\">Grenade<\/option><option value=\"Gr\u00e8ce\">Gr\u00e8ce<\/option><option value=\"Guadeloupe\">Guadeloupe<\/option><option value=\"Guatemala\">Guatemala<\/option><option value=\"Guin\u00e9e\">Guin\u00e9e<\/option><option value=\"Guyane\">Guyane<\/option><option value=\"G\u00e9orgie\">G\u00e9orgie<\/option><option value=\"Ha\u00efti\">Ha\u00efti<\/option><option value=\"Honduras\">Honduras<\/option><option value=\"Hongrie\">Hongrie<\/option><option value=\"Inde\">Inde<\/option><option value=\"Indon\u00e9sie\">Indon\u00e9sie<\/option><option value=\"Irak\">Irak<\/option><option value=\"Irlande\">Irlande<\/option><option value=\"Islande\">Islande<\/option><option value=\"Isra\u00ebl\">Isra\u00ebl<\/option><option value=\"Italie\">Italie<\/option><option value=\"Jama\u00efque\">Jama\u00efque<\/option><option value=\"Japon\">Japon<\/option><option value=\"Jordan\">Jordan<\/option><option value=\"Kazakhstan\">Kazakhstan<\/option><option value=\"Kenya\">Kenya<\/option><option value=\"Kirghizistan\">Kirghizistan<\/option><option value=\"Korea, South\">Korea, South<\/option><option value=\"Kosovo\">Kosovo<\/option><option value=\"Kowe\u00eft\">Kowe\u00eft<\/option><option value=\"Laos\">Laos<\/option><option value=\"Lettonie\">Lettonie<\/option><option value=\"Liban\">Liban<\/option><option value=\"Liberia\">Liberia<\/option><option value=\"Liechtenstein\">Liechtenstein<\/option><option value=\"Lituanie\">Lituanie<\/option><option value=\"Luxembourg\">Luxembourg<\/option><option value=\"Macao\">Macao<\/option><option value=\"Malaisie\">Malaisie<\/option><option value=\"Malawi\">Malawi<\/option><option value=\"Maldives\">Maldives<\/option><option value=\"Mali\">Mali<\/option><option value=\"Malte\">Malte<\/option><option value=\"Martinique\">Martinique<\/option><option value=\"Maurice\">Maurice<\/option><option value=\"Mauritanie\">Mauritanie<\/option><option value=\"Mexique\">Mexique<\/option><option value=\"Moldavie\">Moldavie<\/option><option value=\"Monaco\">Monaco<\/option><option value=\"Mongolie\">Mongolie<\/option><option value=\"Monserrat\">Monserrat<\/option><option value=\"Mont\u00e9n\u00e9gro\">Mont\u00e9n\u00e9gro<\/option><option value=\"Morroco\">Morroco<\/option><option value=\"Mozambique\">Mozambique<\/option><option value=\"Namibie\">Namibie<\/option><option value=\"Nicaragua\">Nicaragua<\/option><option value=\"Niger ia\">Niger ia<\/option><option value=\"Niger\">Niger<\/option><option value=\"North Macedonia\">North Macedonia<\/option><option value=\"Norv\u00e8ge\">Norv\u00e8ge<\/option><option value=\"Nouvelle-Z\u00e9lande\">Nouvelle-Z\u00e9lande<\/option><option value=\"N\u00e9pal\">N\u00e9pal<\/option><option value=\"Oman\">Oman<\/option><option value=\"Ouganda\">Ouganda<\/option><option value=\"Ouzb\u00e9kistan\">Ouzb\u00e9kistan<\/option><option value=\"Pakistan\">Pakistan<\/option><option value=\"Palestine\">Palestine<\/option><option value=\"Panama\">Panama<\/option><option value=\"Papua New Guin\u00e9e\">Papua New Guin\u00e9e<\/option><option value=\"Paraguay\">Paraguay<\/option><option value=\"Pays-Bas\">Pays-Bas<\/option><option value=\"Phillipines\">Phillipines<\/option><option value=\"Pologne\">Pologne<\/option><option value=\"Portugal\">Portugal<\/option><option value=\"Puerto Rico\">Puerto Rico<\/option><option value=\"P\u00e9rou\">P\u00e9rou<\/option><option value=\"Qatar\">Qatar<\/option><option value=\"Roumanie\">Roumanie<\/option><option value=\"Royaume-Uni\">Royaume-Uni<\/option><option value=\"Russie\">Russie<\/option><option value=\"Rwanda\">Rwanda<\/option><option value=\"R\u00e9publique centrafricaine\">R\u00e9publique centrafricaine<\/option><option value=\"R\u00e9publique tch\u00e8que\">R\u00e9publique tch\u00e8que<\/option><option value=\"Saint Martin\">Saint Martin<\/option><option value=\"Saint Pierre and Miquelon\">Saint Pierre and Miquelon<\/option><option value=\"Saint-Barth\u00e9lemy\">Saint-Barth\u00e9lemy<\/option><option value=\"Saint-Marin\">Saint-Marin<\/option><option value=\"Saint-Vincent-et-les-Grenadines\">Saint-Vincent-et-les-Grenadines<\/option><option value=\"Sainte-Lucie\">Sainte-Lucie<\/option><option value=\"Salvador\">Salvador<\/option><option value=\"Serbie\">Serbie<\/option><option value=\"Sierra Leone\">Sierra Leone<\/option><option value=\"Singapour\">Singapour<\/option><option value=\"Sint Maarten\">Sint Maarten<\/option><option value=\"Slovaquie\">Slovaquie<\/option><option value=\"Slov\u00e9nie\">Slov\u00e9nie<\/option><option value=\"Somalie\">Somalie<\/option><option value=\"Soudan\">Soudan<\/option><option value=\"Sri Lanka\">Sri Lanka<\/option><option value=\"St. Kitts and Nevis\">St. Kitts and Nevis<\/option><option value=\"Suisse\">Suisse<\/option><option value=\"Suriname\">Suriname<\/option><option value=\"Su\u00e8de\">Su\u00e8de<\/option><option value=\"S\u00e9n\u00e9gal\">S\u00e9n\u00e9gal<\/option><option value=\"Tadjikistan\">Tadjikistan<\/option><option value=\"Taiwan\">Taiwan<\/option><option value=\"Tanzanie , United Republic of\">Tanzanie , United Republic of<\/option><option value=\"Tchad\">Tchad<\/option><option value=\"Tha\u00eflande\">Tha\u00eflande<\/option><option value=\"Timor Leste\">Timor Leste<\/option><option value=\"Togo\">Togo<\/option><option value=\"Trinit\u00e9-et-Tobago\">Trinit\u00e9-et-Tobago<\/option><option value=\"Tunisie\">Tunisie<\/option><option value=\"Turkm\u00e9nistan\">Turkm\u00e9nistan<\/option><option value=\"Turks and Caicos Islands\">Turks and Caicos Islands<\/option><option value=\"Turquie\">Turquie<\/option><option value=\"Ukraine\">Ukraine<\/option><option value=\"United States\">United States<\/option><option value=\"Uruguay\">Uruguay<\/option><option value=\"Venezuela\">Venezuela<\/option><option value=\"Virgin Islands (US)\">Virgin Islands (US)<\/option><option value=\"Vi\u00eat Nam\">Vi\u00eat Nam<\/option><option value=\"Western Sahara\">Western Sahara<\/option><option value=\"Zambie\">Zambie<\/option><option value=\"Zimbabwe\">Zimbabwe<\/option><\/select><\/span>\n\t\t<\/p>\n\t<\/div>\n\t<div class=\"col-md-12\">\n\t\t<p><span class=\"wpcf7-form-control-wrap\" data-name=\"acceptance-788\"><span class=\"wpcf7-form-control wpcf7-acceptance\"><span class=\"wpcf7-list-item\"><label><input type=\"checkbox\" name=\"acceptance-788\" value=\"1\" aria-invalid=\"false\" \/><span class=\"wpcf7-list-item-label\">En cochant cette case, J\u2019autorise Snap-on\u00ae Equipment \u00e0 me contacter (par t\u00e9l\u00e9phone et\/ou e-mail) pour r\u00e9pondre \u00e0 ma demande.<\/span><\/label><\/span><\/span><\/span>\n\t\t<\/p>\n\t<\/div>\n\t<p><input class=\"wpcf7-form-control wpcf7-submit has-spinner\" type=\"submit\" value=\"Soumettre\" \/>\n\t<\/p>\n<\/div><div class=\"wpcf7-response-output\" aria-hidden=\"true\"><\/div>\n<\/form>\n<\/div>\n\n","protected":false},"excerpt":{"rendered":"","protected":false},"author":1,"featured_media":0,"parent":0,"menu_order":0,"comment_status":"closed","ping_status":"closed","template":"page-contato.php","meta":{"footnotes":""},"_links":{"self":[{"href":"https:\/\/treadreader.com\/fr\/wp-json\/wp\/v2\/pages\/510"}],"collection":[{"href":"https:\/\/treadreader.com\/fr\/wp-json\/wp\/v2\/pages"}],"about":[{"href":"https:\/\/treadreader.com\/fr\/wp-json\/wp\/v2\/types\/page"}],"author":[{"embeddable":true,"href":"https:\/\/treadreader.com\/fr\/wp-json\/wp\/v2\/users\/1"}],"replies":[{"embeddable":true,"href":"https:\/\/treadreader.com\/fr\/wp-json\/wp\/v2\/comments?post=510"}],"version-history":[{"count":2,"href":"https:\/\/treadreader.com\/fr\/wp-json\/wp\/v2\/pages\/510\/revisions"}],"predecessor-version":[{"id":1218,"href":"https:\/\/treadreader.com\/fr\/wp-json\/wp\/v2\/pages\/510\/revisions\/1218"}],"wp:attachment":[{"href":"https:\/\/treadreader.com\/fr\/wp-json\/wp\/v2\/media?parent=510"}],"curies":[{"name":"wp","href":"https:\/\/api.w.org\/{rel}","templated":true}]}}